{"id":1451,"date":"2019-01-13T21:51:24","date_gmt":"2019-01-13T20:51:24","guid":{"rendered":"https:\/\/www.kometcustommade.de\/?page_id=1451"},"modified":"2019-02-04T09:36:28","modified_gmt":"2019-02-04T08:36:28","slug":"colophon","status":"publish","type":"page","link":"https:\/\/kometcustommade.azurewebsites.net\/it\/colophon\/","title":{"rendered":"Colophon"},"content":{"rendered":"\n<p>Gebr. Brasseler GmbH &amp; Co. KG<\/p>\n\n\n\n<p>Trophagener Weg 25<br>32657 Lemgo<\/p>\n\n\n\n<p>Postfach 160<br>32631 Lemgo<\/p>\n\n\n\n<p>Telefon +49 (0) 5261 701-0<br>Fax +49 (0) 5261 701-289<br>e-mail:&nbsp;<a rel=\"noreferrer noopener\" href=\"mailto:info@kometdental.de\" target=\"_blank\">info@kometdental.de<\/a><\/p>\n\n\n\n<p>Kommanditgesellschaft Sitz Lemgo<br>Registergericht Lemgo HRA 1156<\/p>\n\n\n\n<p>Pers\u00f6nlich haftende Gesellschaft:<br>DENTAL Brasseler GmbH, Sitz Lemgo,<br>Registergericht Lemgo HRB 1157<\/p>\n\n\n\n<p>Gesch\u00e4ftsf\u00fchrer:<br>Reinhard H\u00f6lscher, Stephan K\u00f6hler, Klaus R\u00fcbesamen<br><\/p>\n\n\n\n<p>UST-Ident-Nr.: DE 125 657 245<br><\/p>\n\n\n\n<hr class=\"wp-block-separator\"\/>\n\n\n\n<p>Konzeption und Inhalte:<br><\/p>\n\n\n\n<p>Bruchmann, Schneider.<br>Friesenstrasse 50<br>50670 K\u00f6ln<br><\/p>\n\n\n\n<p>Telefon: 0221 7880740<br><a rel=\"noreferrer noopener\" href=\"mailto:interesse@bruchmannschneider.de\" target=\"_blank\">interesse@bruchmannschneider.de<\/a><br><a rel=\"noreferrer noopener\" href=\"http:\/\/bruchmannschneider.de\/\" target=\"_blank\">bruchmannschneider.de<\/a><br><\/p>\n\n\n\n<hr class=\"wp-block-separator\"\/>\n\n\n\n<p>Entwicklung und Produktion:<br><\/p>\n\n\n\n<p>Manonthemoon<br>Titusstr. 26<br>50678 K\u00f6ln<br><\/p>\n\n\n\n<p><a rel=\"noreferrer noopener\" href=\"mailto:man@onthemoon.de\" target=\"_blank\">man@onthemoon.de<\/a><br><a rel=\"noreferrer noopener\" href=\"http:\/\/onthemoon.de\/\" target=\"_blank\">onthemoon.de<\/a><br><\/p>\n","protected":false},"excerpt":{"rendered":"<p>Gebr. Brasseler GmbH &amp; Co. KG Trophagener Weg 2532657 Lemgo Postfach 16032631 Lemgo Telefon +49 (0) 5261 701-0Fax +49 (0) 5261 701-289e-mail:&nbsp;info@kometdental.de Kommanditgesellschaft Sitz LemgoRegistergericht Lemgo HRA 1156 Pers\u00f6nlich haftende Gesellschaft:DENTAL Brasseler GmbH, Sitz Lemgo,Registergericht Lemgo HRB 1157 Gesch\u00e4ftsf\u00fchrer:Reinhard H\u00f6lscher, Stephan K\u00f6hler, Klaus R\u00fcbesamen UST-Ident-Nr.: DE 125 657 245 Konzeption und Inhalte: Bruchmann, Schneider.Friesenstrasse 5050670 [&hellip;]<\/p>\n","protected":false},"author":7,"featured_media":0,"parent":0,"menu_order":0,"comment_status":"closed","ping_status":"closed","template":"","meta":[],"_links":{"self":[{"href":"https:\/\/kometcustommade.azurewebsites.net\/it\/wp-json\/wp\/v2\/pages\/1451"}],"collection":[{"href":"https:\/\/kometcustommade.azurewebsites.net\/it\/wp-json\/wp\/v2\/pages"}],"about":[{"href":"https:\/\/kometcustommade.azurewebsites.net\/it\/wp-json\/wp\/v2\/types\/page"}],"author":[{"embeddable":true,"href":"https:\/\/kometcustommade.azurewebsites.net\/it\/wp-json\/wp\/v2\/users\/7"}],"replies":[{"embeddable":true,"href":"https:\/\/kometcustommade.azurewebsites.net\/it\/wp-json\/wp\/v2\/comments?post=1451"}],"version-history":[{"count":1,"href":"https:\/\/kometcustommade.azurewebsites.net\/it\/wp-json\/wp\/v2\/pages\/1451\/revisions"}],"predecessor-version":[{"id":1538,"href":"https:\/\/kometcustommade.azurewebsites.net\/it\/wp-json\/wp\/v2\/pages\/1451\/revisions\/1538"}],"wp:attachment":[{"href":"https:\/\/kometcustommade.azurewebsites.net\/it\/wp-json\/wp\/v2\/media?parent=1451"}],"curies":[{"name":"wp","href":"https:\/\/api.w.org\/{rel}","templated":true}]}}